{"id":3122,"date":"2021-12-30T12:53:13","date_gmt":"2021-12-30T11:53:13","guid":{"rendered":"https:\/\/www.thegoodtimecompany.com\/?page_id=3122"},"modified":"2021-12-30T12:53:13","modified_gmt":"2021-12-30T11:53:13","slug":"b2c-shop","status":"publish","type":"page","link":"https:\/\/www.thegoodtimecompany.com\/fr\/b2c-shop\/","title":{"rendered":"B2C shop"},"content":{"rendered":"\n<p>Apr\u00e8s 12 ans \u00e0 fournir uniquement des \u00e9v\u00e9nements d&rsquo;entreprise, The Good Time Company propose d\u00e9sormais des jeux virtuels pour les clients priv\u00e9s. <strong>Tout le monde peut d\u00e9sormais jouer \u00e0 certains de nos jeux virtuels.<\/strong><\/p>\n\n\n\n<div style=\"height:49px\" aria-hidden=\"true\" class=\"wp-block-spacer\"><\/div>\n\n\n\n<p class=\"has-text-align-right\"><strong><span style=\"color:#e00e19\" class=\"has-inline-color\">Vers <a href=\"http:\/\/shop.thegoodtimecompany.com\/\" target=\"_blank\" rel=\"noreferrer noopener\">The Good Time Company Private Shop<\/a><\/span><\/strong><\/p>\n","protected":false},"excerpt":{"rendered":"<p>Apr\u00e8s 12 ans \u00e0 fournir uniquement des \u00e9v\u00e9nements d&rsquo;entreprise, The Good Time Company propose d\u00e9sormais des jeux virtuels pour les clients priv\u00e9s. Tout le monde peut d\u00e9sormais jouer \u00e0 certains de nos jeux virtuels. Vers The Good Time Company Private Shop<\/p>\n","protected":false},"author":3,"featured_media":2350,"parent":0,"menu_order":0,"comment_status":"closed","ping_status":"closed","template":"","meta":[],"yoast_head":"<!-- This site is optimized with the Yoast SEO plugin v17.6 - https:\/\/yoast.com\/wordpress\/plugins\/seo\/ -->\n<title>B2C shop - The Good Time Company<\/title>\n<meta name=\"robots\" content=\"index, follow, max-snippet:-1, max-image-preview:large, max-video-preview:-1\" \/>\n<link rel=\"canonical\" href=\"https:\/\/www.thegoodtimecompany.com\/fr\/b2c-shop\/\" \/>\n<meta property=\"og:locale\" content=\"fr_FR\" \/>\n<meta property=\"og:type\" content=\"article\" \/>\n<meta property=\"og:title\" content=\"B2C shop - The Good Time Company\" \/>\n<meta property=\"og:description\" content=\"Apr\u00e8s 12 ans \u00e0 fournir uniquement des \u00e9v\u00e9nements d&rsquo;entreprise, The Good Time Company propose d\u00e9sormais des jeux virtuels pour les clients priv\u00e9s. Tout le monde peut d\u00e9sormais jouer \u00e0 certains de nos jeux virtuels. Vers The Good Time Company Private Shop\" \/>\n<meta property=\"og:url\" content=\"https:\/\/www.thegoodtimecompany.com\/fr\/b2c-shop\/\" \/>\n<meta property=\"og:site_name\" content=\"The Good Time Company\" \/>\n<meta property=\"article:publisher\" content=\"https:\/\/www.facebook.com\/TheGoodTimeCompany\/\" \/>\n<meta property=\"og:image\" content=\"https:\/\/www.thegoodtimecompany.com\/wp-content\/uploads\/2021\/03\/Banner-1.png\" \/>\n\t<meta property=\"og:image:width\" content=\"1170\" \/>\n\t<meta property=\"og:image:height\" content=\"294\" \/>\n<meta name=\"twitter:card\" content=\"summary\" \/>\n<meta name=\"twitter:site\" content=\"@thegoodtimecompany\" \/>\n<meta name=\"twitter:label1\" content=\"Dur\u00e9e de lecture estim\u00e9e\" \/>\n\t<meta name=\"twitter:data1\" content=\"1 minute\" \/>\n<script type=\"application\/ld+json\" class=\"yoast-schema-graph\">{\"@context\":\"https:\/\/schema.org\",\"@graph\":[{\"@type\":\"WebSite\",\"@id\":\"https:\/\/www.thegoodtimecompany.com\/fr\/#website\",\"url\":\"https:\/\/www.thegoodtimecompany.com\/fr\/\",\"name\":\"The Good Time Company\",\"description\":\"Corporate Events That Deliver\",\"potentialAction\":[{\"@type\":\"SearchAction\",\"target\":{\"@type\":\"EntryPoint\",\"urlTemplate\":\"https:\/\/www.thegoodtimecompany.com\/fr\/?s={search_term_string}\"},\"query-input\":\"required name=search_term_string\"}],\"inLanguage\":\"fr-FR\"},{\"@type\":\"ImageObject\",\"@id\":\"https:\/\/www.thegoodtimecompany.com\/fr\/b2c-shop\/#primaryimage\",\"inLanguage\":\"fr-FR\",\"url\":\"https:\/\/www.thegoodtimecompany.com\/wp-content\/uploads\/2021\/03\/Banner-1.png\",\"contentUrl\":\"https:\/\/www.thegoodtimecompany.com\/wp-content\/uploads\/2021\/03\/Banner-1.png\",\"width\":1170,\"height\":294},{\"@type\":\"WebPage\",\"@id\":\"https:\/\/www.thegoodtimecompany.com\/fr\/b2c-shop\/#webpage\",\"url\":\"https:\/\/www.thegoodtimecompany.com\/fr\/b2c-shop\/\",\"name\":\"B2C shop - The Good Time Company\",\"isPartOf\":{\"@id\":\"https:\/\/www.thegoodtimecompany.com\/fr\/#website\"},\"primaryImageOfPage\":{\"@id\":\"https:\/\/www.thegoodtimecompany.com\/fr\/b2c-shop\/#primaryimage\"},\"datePublished\":\"2021-12-30T11:53:13+00:00\",\"dateModified\":\"2021-12-30T11:53:13+00:00\",\"breadcrumb\":{\"@id\":\"https:\/\/www.thegoodtimecompany.com\/fr\/b2c-shop\/#breadcrumb\"},\"inLanguage\":\"fr-FR\",\"potentialAction\":[{\"@type\":\"ReadAction\",\"target\":[\"https:\/\/www.thegoodtimecompany.com\/fr\/b2c-shop\/\"]}]},{\"@type\":\"BreadcrumbList\",\"@id\":\"https:\/\/www.thegoodtimecompany.com\/fr\/b2c-shop\/#breadcrumb\",\"itemListElement\":[{\"@type\":\"ListItem\",\"position\":1,\"name\":\"Home\",\"item\":\"https:\/\/www.thegoodtimecompany.com\/fr\/\"},{\"@type\":\"ListItem\",\"position\":2,\"name\":\"B2C shop\"}]}]}<\/script>\n<!-- \/ Yoast SEO plugin. -->","yoast_head_json":{"title":"B2C shop - The Good Time Company","robots":{"index":"index","follow":"follow","max-snippet":"max-snippet:-1","max-image-preview":"max-image-preview:large","max-video-preview":"max-video-preview:-1"},"canonical":"https:\/\/www.thegoodtimecompany.com\/fr\/b2c-shop\/","og_locale":"fr_FR","og_type":"article","og_title":"B2C shop - The Good Time Company","og_description":"Apr\u00e8s 12 ans \u00e0 fournir uniquement des \u00e9v\u00e9nements d&rsquo;entreprise, The Good Time Company propose d\u00e9sormais des jeux virtuels pour les clients priv\u00e9s. Tout le monde peut d\u00e9sormais jouer \u00e0 certains de nos jeux virtuels. Vers The Good Time Company Private Shop","og_url":"https:\/\/www.thegoodtimecompany.com\/fr\/b2c-shop\/","og_site_name":"The Good Time Company","article_publisher":"https:\/\/www.facebook.com\/TheGoodTimeCompany\/","og_image":[{"width":1170,"height":294,"url":"https:\/\/www.thegoodtimecompany.com\/wp-content\/uploads\/2021\/03\/Banner-1.png","type":"image\/png"}],"twitter_card":"summary","twitter_site":"@thegoodtimecompany","twitter_misc":{"Dur\u00e9e de lecture estim\u00e9e":"1 minute"},"schema":{"@context":"https:\/\/schema.org","@graph":[{"@type":"WebSite","@id":"https:\/\/www.thegoodtimecompany.com\/fr\/#website","url":"https:\/\/www.thegoodtimecompany.com\/fr\/","name":"The Good Time Company","description":"Corporate Events That Deliver","potentialAction":[{"@type":"SearchAction","target":{"@type":"EntryPoint","urlTemplate":"https:\/\/www.thegoodtimecompany.com\/fr\/?s={search_term_string}"},"query-input":"required name=search_term_string"}],"inLanguage":"fr-FR"},{"@type":"ImageObject","@id":"https:\/\/www.thegoodtimecompany.com\/fr\/b2c-shop\/#primaryimage","inLanguage":"fr-FR","url":"https:\/\/www.thegoodtimecompany.com\/wp-content\/uploads\/2021\/03\/Banner-1.png","contentUrl":"https:\/\/www.thegoodtimecompany.com\/wp-content\/uploads\/2021\/03\/Banner-1.png","width":1170,"height":294},{"@type":"WebPage","@id":"https:\/\/www.thegoodtimecompany.com\/fr\/b2c-shop\/#webpage","url":"https:\/\/www.thegoodtimecompany.com\/fr\/b2c-shop\/","name":"B2C shop - The Good Time Company","isPartOf":{"@id":"https:\/\/www.thegoodtimecompany.com\/fr\/#website"},"primaryImageOfPage":{"@id":"https:\/\/www.thegoodtimecompany.com\/fr\/b2c-shop\/#primaryimage"},"datePublished":"2021-12-30T11:53:13+00:00","dateModified":"2021-12-30T11:53:13+00:00","breadcrumb":{"@id":"https:\/\/www.thegoodtimecompany.com\/fr\/b2c-shop\/#breadcrumb"},"inLanguage":"fr-FR","potentialAction":[{"@type":"ReadAction","target":["https:\/\/www.thegoodtimecompany.com\/fr\/b2c-shop\/"]}]},{"@type":"BreadcrumbList","@id":"https:\/\/www.thegoodtimecompany.com\/fr\/b2c-shop\/#breadcrumb","itemListElement":[{"@type":"ListItem","position":1,"name":"Home","item":"https:\/\/www.thegoodtimecompany.com\/fr\/"},{"@type":"ListItem","position":2,"name":"B2C shop"}]}]}},"_links":{"self":[{"href":"https:\/\/www.thegoodtimecompany.com\/fr\/wp-json\/wp\/v2\/pages\/3122"}],"collection":[{"href":"https:\/\/www.thegoodtimecompany.com\/fr\/wp-json\/wp\/v2\/pages"}],"about":[{"href":"https:\/\/www.thegoodtimecompany.com\/fr\/wp-json\/wp\/v2\/types\/page"}],"author":[{"embeddable":true,"href":"https:\/\/www.thegoodtimecompany.com\/fr\/wp-json\/wp\/v2\/users\/3"}],"replies":[{"embeddable":true,"href":"https:\/\/www.thegoodtimecompany.com\/fr\/wp-json\/wp\/v2\/comments?post=3122"}],"version-history":[{"count":1,"href":"https:\/\/www.thegoodtimecompany.com\/fr\/wp-json\/wp\/v2\/pages\/3122\/revisions"}],"predecessor-version":[{"id":3123,"href":"https:\/\/www.thegoodtimecompany.com\/fr\/wp-json\/wp\/v2\/pages\/3122\/revisions\/3123"}],"wp:featuredmedia":[{"embeddable":true,"href":"https:\/\/www.thegoodtimecompany.com\/fr\/wp-json\/wp\/v2\/media\/2350"}],"wp:attachment":[{"href":"https:\/\/www.thegoodtimecompany.com\/fr\/wp-json\/wp\/v2\/media?parent=3122"}],"curies":[{"name":"wp","href":"https:\/\/api.w.org\/{rel}","templated":true}]}}