{"id":89,"date":"2017-08-16T08:54:59","date_gmt":"2017-08-16T06:54:59","guid":{"rendered":"http:\/\/www.thegoodtimecompany.com\/?page_id=89\/"},"modified":"2017-11-13T11:31:03","modified_gmt":"2017-11-13T10:31:03","slug":"networking","status":"publish","type":"page","link":"https:\/\/www.thegoodtimecompany.com\/fr\/nos-activites\/networking\/","title":{"rendered":"Networking"},"content":{"rendered":"<h1>Intensifier le networking de vos \u00e9quipes? C&rsquo;est par ici!<\/h1>\n<div class=\"products-list \">\n<div class=\"products-list-container\">\n<div class=\"row\">\n<div class=\"col-md-12\">\n<div class=\"product-item\">\n<div class=\"product-item-content\">\n<div class=\"row\">\n<div class=\"col-md-4 col-sm-4 col-xs-4\"><a href=\"https:\/\/www.thegoodtimecompany.com\/fr\/produit\/e-bike-country\/\"><img src=\"https:\/\/www.thegoodtimecompany.com\/wp-content\/uploads\/2017\/09\/E-COUNTRY_VIGNETTE-255x255.jpg\" class=\"product-item-thumb img-circle img-responsive\" \/><\/a><\/div>\n<div class=\"col-md-8 col-sm-8 col-xs-8\">\n<h1 class=\"product-item-title\">E-BIKE COUNTRY<\/h1>\n<h2 class=\"product-item-subtitle\">Mettez votre team au vert gr\u00e2ce \u00e0 une activit\u00e9 relax, ludique mais\u2026 \u00e9lectrique!<\/h2>\n<p class=\"product-item-description\"><b>Enfourchez d\u2019amusants v\u00e9los \u00e9lectriques \u201chigh tech\u201d <\/b>pour profi\u00adter d\u2019une agr\u00e9able balade-\u00add\u00e9couverte \u00e0 la campagne, <span class=\"tgtc-red-style\">\u00e9gay\u00e9e d\u2019un v\u00e9ritable parcours d\u00e9couverte<\/span> qui vous emm\u00e8nera parfois l\u00e0 o\u00f9 les voitures ne peuvent pas passer! Un parfum d\u2019enfance \u00e9pic\u00e9 d\u2019une touche de modernit\u00e9.<br \/><a href=\"https:\/\/www.thegoodtimecompany.com\/fr\/produit\/e-bike-country\/\">Voir la fiche d\u00e9taill\u00e9e<\/a><\/p>\n<\/div>\n<\/div>\n<\/div>\n<\/div>\n<\/div>\n<div class=\"col-md-12\">\n<div class=\"product-item\">\n<div class=\"product-item-content\">\n<div class=\"row\">\n<div class=\"col-md-4 col-sm-4 col-xs-4\"><a href=\"https:\/\/www.thegoodtimecompany.com\/fr\/produit\/autour-du-monde-100-virtuel\/\"><img src=\"https:\/\/www.thegoodtimecompany.com\/wp-content\/uploads\/2021\/04\/ATW-Tablet-255x255.png\" class=\"product-item-thumb img-circle img-responsive\" \/><\/a><\/div>\n<div class=\"col-md-8 col-sm-8 col-xs-8\">\n<h1 class=\"product-item-title\">AROUND THE WORLD<\/h1>\n<h2 class=\"product-item-subtitle\">Le d\u00e9fi digital qui fait voyager vos \u00e9quipes sans valises !<\/h2>\n<p class=\"product-item-description\">Un teambuilding immersif sous forme de voyage autour du monde, traversant 22 pays et parcourant 65 000 km.<br \/><a href=\"https:\/\/www.thegoodtimecompany.com\/fr\/produit\/autour-du-monde-100-virtuel\/\">Voir la fiche d\u00e9taill\u00e9e<\/a><\/p>\n<\/div>\n<\/div>\n<\/div>\n<\/div>\n<\/div>\n<div class=\"col-md-12\">\n<div class=\"product-item\">\n<div class=\"product-item-content\">\n<div class=\"row\">\n<div class=\"col-md-4 col-sm-4 col-xs-4\"><a href=\"https:\/\/www.thegoodtimecompany.com\/fr\/produit\/team-quiz-challenge\/\"><img src=\"https:\/\/www.thegoodtimecompany.com\/wp-content\/uploads\/2020\/04\/TQC-IMG_5532-300x300-255x255.png\" class=\"product-item-thumb img-circle img-responsive\" \/><\/a><\/div>\n<div class=\"col-md-8 col-sm-8 col-xs-8\">\n<h1 class=\"product-item-title\">TEAM QUIZ CHALLENGE<\/h1>\n<h2 class=\"product-item-subtitle\">Une bouff\u00e9e d'oxyg\u00e8ne apr\u00e8s le t\u00e9l\u00e9travail<\/h2>\n<p class=\"product-item-description\">Dans les rires et la bonne humeur, ce d\u00e9fi cr\u00e9era ce sentiment d'unit\u00e9 sans \u00eatre physiquement r\u00e9unis.<br \/><a href=\"https:\/\/www.thegoodtimecompany.com\/fr\/produit\/team-quiz-challenge\/\">Voir la fiche d\u00e9taill\u00e9e<\/a><\/p>\n<\/div>\n<\/div>\n<\/div>\n<\/div>\n<\/div>\n<div class=\"col-md-12\">\n<div class=\"product-item\">\n<div class=\"product-item-content\">\n<div class=\"row\">\n<div class=\"col-md-4 col-sm-4 col-xs-4\"><a href=\"https:\/\/www.thegoodtimecompany.com\/fr\/produit\/museum-explorer\/\"><img src=\"https:\/\/www.thegoodtimecompany.com\/wp-content\/uploads\/2017\/09\/MUSEUM_VIGNETTE-255x255.jpg\" class=\"product-item-thumb img-circle img-responsive\" \/><\/a><\/div>\n<div class=\"col-md-8 col-sm-8 col-xs-8\">\n<h1 class=\"product-item-title\">MUSEUM EXPLORER<\/h1>\n<h2 class=\"product-item-subtitle\">Abracadabra! Le mus\u00e9e devient un lieu amusant,  \u00e0 l\u2019abri du mauvais temps<\/h2>\n<p class=\"product-item-description\">Pourquoi se limiter \u00e0 d\u00e9ambuler dans des all\u00e9es, avec juste ses yeux pour voir? Le <b>Museum Explorer <\/b>est un jeu de teambuilding qui s\u2019adapte \u00e0 tout type de mus\u00e9e et qui <span class=\"tgtc-red-style\">transforme sa visite en une exp\u00e9rience ludique, collaborative, active et interactive.<\/span><br \/><a href=\"https:\/\/www.thegoodtimecompany.com\/fr\/produit\/museum-explorer\/\">Voir la fiche d\u00e9taill\u00e9e<\/a><\/p>\n<\/div>\n<\/div>\n<\/div>\n<\/div>\n<\/div>\n<div class=\"col-md-12\">\n<div class=\"product-item\">\n<div class=\"product-item-content\">\n<div class=\"row\">\n<div class=\"col-md-4 col-sm-4 col-xs-4\"><a href=\"https:\/\/www.thegoodtimecompany.com\/fr\/produit\/graduate-challenge\/\"><img src=\"https:\/\/www.thegoodtimecompany.com\/wp-content\/uploads\/2017\/09\/GRADUATE_VIGNETTE-255x255.jpg\" class=\"product-item-thumb img-circle img-responsive\" \/><\/a><\/div>\n<div class=\"col-md-8 col-sm-8 col-xs-8\">\n<h1 class=\"product-item-title\">GRADUATE CHALLENGE<\/h1>\n<h2 class=\"product-item-subtitle\">Familiarisez vos \u201cnouveaux\u201d et positionnez-vous comme employeur \u00e0 la page!<\/h2>\n<p class=\"product-item-description\"><b>Le Graduate Challenge<\/b> est un jeu intelligent \u00e0 proposer \u00e0 vos nouvelles recrues pour <span class=\"tgtc-red-style\">leur faire conna\u00eetre leur nouvel environnement et vos valeurs d\u2019entreprise.<\/span> Au passage, vous leur ferez sentir \u00e0 quel point ils sont accueillis par un employeur moderne!<br \/><a href=\"https:\/\/www.thegoodtimecompany.com\/fr\/produit\/graduate-challenge\/\">Voir la fiche d\u00e9taill\u00e9e<\/a><\/p>\n<\/div>\n<\/div>\n<\/div>\n<\/div>\n<\/div>\n<div class=\"col-md-12\">\n<div class=\"product-item\">\n<div class=\"product-item-content\">\n<div class=\"row\">\n<div class=\"col-md-4 col-sm-4 col-xs-4\"><a href=\"https:\/\/www.thegoodtimecompany.com\/fr\/produit\/virtual-away-day\/\"><img src=\"https:\/\/www.thegoodtimecompany.com\/wp-content\/uploads\/2020\/04\/VAD-wildgoose-300x300-255x255.png\" class=\"product-item-thumb img-circle img-responsive\" \/><\/a><\/div>\n<div class=\"col-md-8 col-sm-8 col-xs-8\">\n<h1 class=\"product-item-title\">AWAY DAY<\/h1>\n<h2 class=\"product-item-subtitle\">Le Must du teambuilding \u00e0 distance<\/h2>\n<p class=\"product-item-description\">Pour r\u00e9pondre au mieux aux questions et gagner un maximum de points, les \u00e9quipes devront \u00eatre agiles et collaborer!<br \/><a href=\"https:\/\/www.thegoodtimecompany.com\/fr\/produit\/virtual-away-day\/\">Voir la fiche d\u00e9taill\u00e9e<\/a><\/p>\n<\/div>\n<\/div>\n<\/div>\n<\/div>\n<\/div>\n<div class=\"col-md-12\">\n<div class=\"product-item\">\n<div class=\"product-item-content\">\n<div class=\"row\">\n<div class=\"col-md-4 col-sm-4 col-xs-4\"><a href=\"https:\/\/www.thegoodtimecompany.com\/fr\/produit\/2cv-adventure\/\"><img src=\"https:\/\/www.thegoodtimecompany.com\/wp-content\/uploads\/2017\/09\/2CV_VIGNETTE-255x255.jpg\" class=\"product-item-thumb img-circle img-responsive\" \/><\/a><\/div>\n<div class=\"col-md-8 col-sm-8 col-xs-8\">\n<h1 class=\"product-item-title\">THE 2CV ADVENTURE<\/h1>\n<h2 class=\"product-item-subtitle\">Le rallye vintage + high-tech qui cr\u00e9e un vrai souvenir d\u2019\u00e9quipe.<\/h2>\n<p class=\"product-item-description\"><b>Embarquez dans de mythiques 2CV <\/b>pour une aventure faite d\u2019orientation, de d\u00e9couvertes, d\u2019activit\u00e9s ludiques\u2026 <span class=\"tgtc-red-style\">et comp\u00e9titives!<\/span><br \/><a href=\"https:\/\/www.thegoodtimecompany.com\/fr\/produit\/2cv-adventure\/\">Voir la fiche d\u00e9taill\u00e9e<\/a><\/p>\n<\/div>\n<\/div>\n<\/div>\n<\/div>\n<\/div>\n<div class=\"col-md-12\">\n<div class=\"product-item\">\n<div class=\"product-item-content\">\n<div class=\"row\">\n<div class=\"col-md-4 col-sm-4 col-xs-4\"><a href=\"https:\/\/www.thegoodtimecompany.com\/fr\/produit\/daily-kick-off\/\"><img src=\"https:\/\/www.thegoodtimecompany.com\/wp-content\/uploads\/2020\/04\/DKO-IMG_5465-400x400-255x255.png\" class=\"product-item-thumb img-circle img-responsive\" \/><\/a><\/div>\n<div class=\"col-md-8 col-sm-8 col-xs-8\">\n<h1 class=\"product-item-title\">THE DAILY KICK-OFF (100% virtuel)<\/h1>\n<h2 class=\"product-item-subtitle\">Donnez un coup de boost \u00e0 la motivation de vos \u00e9quipes en les sortant de leur isolement<\/h2>\n<p class=\"product-item-description\">Offrez \u00e0 votre \u00e9quipe une dose de bonne humeur, pour bien d\u00e9marrer la journ\u00e9e<br \/><a href=\"https:\/\/www.thegoodtimecompany.com\/fr\/produit\/daily-kick-off\/\">Voir la fiche d\u00e9taill\u00e9e<\/a><\/p>\n<\/div>\n<\/div>\n<\/div>\n<\/div>\n<\/div>\n<div class=\"col-md-12\">\n<div class=\"product-item\">\n<div class=\"product-item-content\">\n<div class=\"row\">\n<div class=\"col-md-4 col-sm-4 col-xs-4\"><a href=\"https:\/\/www.thegoodtimecompany.com\/fr\/produit\/venue-explorer\/\"><img src=\"https:\/\/www.thegoodtimecompany.com\/wp-content\/uploads\/2017\/09\/VENUE_VIGNETTE-255x255.jpg\" class=\"product-item-thumb img-circle img-responsive\" \/><\/a><\/div>\n<div class=\"col-md-8 col-sm-8 col-xs-8\">\n<h1 class=\"product-item-title\">VENUE EXPLORER<\/h1>\n<h2 class=\"product-item-subtitle\">Un jeu de teambuilding qui se d\u00e9place sur votre lieu de s\u00e9minaire<\/h2>\n<p class=\"product-item-description\"><strong>Activit\u00e9 de teambuilding de format souvent court,<\/strong> le Venue Explorer se joue en \u00e9quipes et cr\u00e9e <span class=\"tgtc-red-style\">un contexte id\u00e9al \u00e0 la communication et \u00e0 la collaboration entre tous les participants.<\/span><br \/><a href=\"https:\/\/www.thegoodtimecompany.com\/fr\/produit\/venue-explorer\/\">Voir la fiche d\u00e9taill\u00e9e<\/a><\/p>\n<\/div>\n<\/div>\n<\/div>\n<\/div>\n<\/div>\n<div class=\"col-md-12\">\n<div class=\"product-item\">\n<div class=\"product-item-content\">\n<div class=\"row\">\n<div class=\"col-md-4 col-sm-4 col-xs-4\"><a href=\"https:\/\/www.thegoodtimecompany.com\/fr\/produit\/murder-game\/\"><img src=\"https:\/\/www.thegoodtimecompany.com\/wp-content\/uploads\/2020\/08\/smartphone-murder-255x255.png\" class=\"product-item-thumb img-circle img-responsive\" \/><\/a><\/div>\n<div class=\"col-md-8 col-sm-8 col-xs-8\">\n<h1 class=\"product-item-title\">MURDER GAME<\/h1>\n<h2 class=\"product-item-subtitle\">Murder party interactive encourageant la collaboration<\/h2>\n<p class=\"product-item-description\">Cette <strong>\u201cmurder party\u201d interactive <\/strong>encourage\u00a0la r\u00e9flexion <span class=\"tgtc-red-style\">strat\u00e9gique<\/span>, la <span class=\"tgtc-red-style\">logique<\/span> et la <span class=\"tgtc-red-style\">collaboration<\/span>.<br \/><a href=\"https:\/\/www.thegoodtimecompany.com\/fr\/produit\/murder-game\/\">Voir la fiche d\u00e9taill\u00e9e<\/a><\/p>\n<\/div>\n<\/div>\n<\/div>\n<\/div>\n<\/div>\n<div class=\"col-md-12\">\n<div class=\"product-item\">\n<div class=\"product-item-content\">\n<div class=\"row\">\n<div class=\"col-md-4 col-sm-4 col-xs-4\"><a href=\"https:\/\/www.thegoodtimecompany.com\/fr\/produit\/exhibition-explorer\/\"><img src=\"https:\/\/www.thegoodtimecompany.com\/wp-content\/uploads\/2017\/09\/EXHIBITION_VIGNETTE-255x255.jpg\" class=\"product-item-thumb img-circle img-responsive\" \/><\/a><\/div>\n<div class=\"col-md-8 col-sm-8 col-xs-8\">\n<h1 class=\"product-item-title\">EXHIBITION EXPLORER<\/h1>\n<h2 class=\"product-item-subtitle\">Passez au \u201cGaming\u201d\u00a0pour booster le networking et l'apprentissage<\/h2>\n<p class=\"product-item-description\"><b>L\u2019Exhibition Explorer <\/b>est une application de jeu innovante qui permet <span class=\"tgtc-red-style\">d\u2019impliquer activement les visiteurs<\/span> au cours de salons professionnels, foires commerciales et workshops.<br \/><a href=\"https:\/\/www.thegoodtimecompany.com\/fr\/produit\/exhibition-explorer\/\">Voir la fiche d\u00e9taill\u00e9e<\/a><\/p>\n<\/div>\n<\/div>\n<\/div>\n<\/div>\n<\/div>\n<div class=\"col-md-12\">\n<div class=\"product-item\">\n<div class=\"product-item-content\">\n<div class=\"row\">\n<div class=\"col-md-4 col-sm-4 col-xs-4\"><a href=\"https:\/\/www.thegoodtimecompany.com\/fr\/produit\/interactive-dinner-quizz\/\"><img src=\"https:\/\/www.thegoodtimecompany.com\/wp-content\/uploads\/2017\/09\/QUIZZ_VIGNETTE-255x255.jpg\" class=\"product-item-thumb img-circle img-responsive\" \/><\/a><\/div>\n<div class=\"col-md-8 col-sm-8 col-xs-8\">\n<h1 class=\"product-item-title\">INTERACTIVE DINNER QUIZ<\/h1>\n<h2 class=\"product-item-subtitle\">Brisez la glace & donnez  du rythme et du pep\u2019s \u00e0 vos repas d\u2019entreprise<\/h2>\n<p class=\"product-item-description\">Votre Dinner Quizz est une<b> activit\u00e9 de teambuilding r\u00e9ellement interactive <\/b>qui <span class=\"tgtc-red-style\">tiendra vos invit\u00e9s en haleine au cours du repas,<\/span> et favorisera le networking de fa\u00e7on amusante et informelle.<br \/><a href=\"https:\/\/www.thegoodtimecompany.com\/fr\/produit\/interactive-dinner-quizz\/\">Voir la fiche d\u00e9taill\u00e9e<\/a><\/p>\n<\/div>\n<\/div>\n<\/div>\n<\/div>\n<\/div>\n<div class=\"col-md-12\">\n<div class=\"product-item\">\n<div class=\"product-item-content\">\n<div class=\"row\">\n<div class=\"col-md-4 col-sm-4 col-xs-4\"><a href=\"https:\/\/www.thegoodtimecompany.com\/fr\/produit\/city-explorer\/\"><img src=\"https:\/\/www.thegoodtimecompany.com\/wp-content\/uploads\/2017\/09\/CITY_VIGNETTE-255x255.jpg\" class=\"product-item-thumb img-circle img-responsive\" \/><\/a><\/div>\n<div class=\"col-md-8 col-sm-8 col-xs-8\">\n<h1 class=\"product-item-title\">CITY EXPLORER<\/h1>\n<h2 class=\"product-item-subtitle\">Transformez les villes en zones de d\u00e9fis ludiques pour booster vos \u00e9quipes<\/h2>\n<p class=\"product-item-description\"><b>Tous \u00e0 vos <\/b>(ou nos) <b>tablettes tactiles!<\/b> Le City Explorer vous fera d\u00e9cou\u00advrir une ville d\u2019une mani\u00e8re peu banale, cr\u00e9ant <span class=\"tgtc-red-style\">un contexte id\u00e9al \u00e0 la collaboration et \u00e0 la comp\u00e9tition<\/span> inter-\u00e9quipes.<br \/><a href=\"https:\/\/www.thegoodtimecompany.com\/fr\/produit\/city-explorer\/\">Voir la fiche d\u00e9taill\u00e9e<\/a><\/p>\n<\/div>\n<\/div>\n<\/div>\n<\/div>\n<\/div>\n<\/div>\n<\/div>\n<\/div>\n","protected":false},"excerpt":{"rendered":"<p>Intensifier le networking de vos \u00e9quipes? C&rsquo;est par ici!<\/p>\n","protected":false},"author":1,"featured_media":420,"parent":73,"menu_order":0,"comment_status":"closed","ping_status":"closed","template":"","meta":[],"yoast_head":"<!-- This site is optimized with the Yoast SEO plugin v17.6 - https:\/\/yoast.com\/wordpress\/plugins\/seo\/ -->\n<title>Networking - The Good Time Company<\/title>\n<meta name=\"robots\" content=\"index, follow, max-snippet:-1, max-image-preview:large, max-video-preview:-1\" \/>\n<link rel=\"canonical\" href=\"https:\/\/www.thegoodtimecompany.com\/fr\/nos-activites\/networking\/\" \/>\n<meta property=\"og:locale\" content=\"fr_FR\" \/>\n<meta property=\"og:type\" content=\"article\" \/>\n<meta property=\"og:title\" content=\"Networking - The Good Time Company\" \/>\n<meta property=\"og:description\" content=\"Intensifier le networking de vos \u00e9quipes? C&rsquo;est par ici!\" \/>\n<meta property=\"og:url\" content=\"https:\/\/www.thegoodtimecompany.com\/fr\/nos-activites\/networking\/\" \/>\n<meta property=\"og:site_name\" content=\"The Good Time Company\" \/>\n<meta property=\"article:publisher\" content=\"https:\/\/www.facebook.com\/TheGoodTimeCompany\/\" \/>\n<meta property=\"article:modified_time\" content=\"2017-11-13T10:31:03+00:00\" \/>\n<meta property=\"og:image\" content=\"https:\/\/www.thegoodtimecompany.com\/wp-content\/uploads\/2017\/08\/ACTIVITS_HEADER.jpg\" \/>\n\t<meta property=\"og:image:width\" content=\"1170\" \/>\n\t<meta property=\"og:image:height\" content=\"294\" \/>\n<meta name=\"twitter:card\" content=\"summary\" \/>\n<meta name=\"twitter:site\" content=\"@thegoodtimecompany\" \/>\n<script type=\"application\/ld+json\" class=\"yoast-schema-graph\">{\"@context\":\"https:\/\/schema.org\",\"@graph\":[{\"@type\":\"WebSite\",\"@id\":\"https:\/\/www.thegoodtimecompany.com\/fr\/#website\",\"url\":\"https:\/\/www.thegoodtimecompany.com\/fr\/\",\"name\":\"The Good Time Company\",\"description\":\"Corporate Events That Deliver\",\"potentialAction\":[{\"@type\":\"SearchAction\",\"target\":{\"@type\":\"EntryPoint\",\"urlTemplate\":\"https:\/\/www.thegoodtimecompany.com\/fr\/?s={search_term_string}\"},\"query-input\":\"required name=search_term_string\"}],\"inLanguage\":\"fr-FR\"},{\"@type\":\"ImageObject\",\"@id\":\"https:\/\/www.thegoodtimecompany.com\/fr\/nos-activites\/networking\/#primaryimage\",\"inLanguage\":\"fr-FR\",\"url\":\"https:\/\/www.thegoodtimecompany.com\/wp-content\/uploads\/2017\/08\/ACTIVITS_HEADER.jpg\",\"contentUrl\":\"https:\/\/www.thegoodtimecompany.com\/wp-content\/uploads\/2017\/08\/ACTIVITS_HEADER.jpg\",\"width\":1170,\"height\":294,\"caption\":\"11 activit\\u00e9s pour vos \\u00e9v\\u00e8nements d\\u2019entreprise, largement personnalisables \\u00e0 vos couleurs et souhaits!\"},{\"@type\":\"WebPage\",\"@id\":\"https:\/\/www.thegoodtimecompany.com\/fr\/nos-activites\/networking\/#webpage\",\"url\":\"https:\/\/www.thegoodtimecompany.com\/fr\/nos-activites\/networking\/\",\"name\":\"Networking - The Good Time Company\",\"isPartOf\":{\"@id\":\"https:\/\/www.thegoodtimecompany.com\/fr\/#website\"},\"primaryImageOfPage\":{\"@id\":\"https:\/\/www.thegoodtimecompany.com\/fr\/nos-activites\/networking\/#primaryimage\"},\"datePublished\":\"2017-08-16T06:54:59+00:00\",\"dateModified\":\"2017-11-13T10:31:03+00:00\",\"breadcrumb\":{\"@id\":\"https:\/\/www.thegoodtimecompany.com\/fr\/nos-activites\/networking\/#breadcrumb\"},\"inLanguage\":\"fr-FR\",\"potentialAction\":[{\"@type\":\"ReadAction\",\"target\":[\"https:\/\/www.thegoodtimecompany.com\/fr\/nos-activites\/networking\/\"]}]},{\"@type\":\"BreadcrumbList\",\"@id\":\"https:\/\/www.thegoodtimecompany.com\/fr\/nos-activites\/networking\/#breadcrumb\",\"itemListElement\":[{\"@type\":\"ListItem\",\"position\":1,\"name\":\"Home\",\"item\":\"https:\/\/www.thegoodtimecompany.com\/fr\/\"},{\"@type\":\"ListItem\",\"position\":2,\"name\":\"Nos activit\\u00e9s\",\"item\":\"https:\/\/www.thegoodtimecompany.com\/fr\/nos-activites\/\"},{\"@type\":\"ListItem\",\"position\":3,\"name\":\"Networking\"}]}]}<\/script>\n<!-- \/ Yoast SEO plugin. -->","yoast_head_json":{"title":"Networking - The Good Time Company","robots":{"index":"index","follow":"follow","max-snippet":"max-snippet:-1","max-image-preview":"max-image-preview:large","max-video-preview":"max-video-preview:-1"},"canonical":"https:\/\/www.thegoodtimecompany.com\/fr\/nos-activites\/networking\/","og_locale":"fr_FR","og_type":"article","og_title":"Networking - The Good Time Company","og_description":"Intensifier le networking de vos \u00e9quipes? C&rsquo;est par ici!","og_url":"https:\/\/www.thegoodtimecompany.com\/fr\/nos-activites\/networking\/","og_site_name":"The Good Time Company","article_publisher":"https:\/\/www.facebook.com\/TheGoodTimeCompany\/","article_modified_time":"2017-11-13T10:31:03+00:00","og_image":[{"width":1170,"height":294,"url":"https:\/\/www.thegoodtimecompany.com\/wp-content\/uploads\/2017\/08\/ACTIVITS_HEADER.jpg","type":"image\/jpeg"}],"twitter_card":"summary","twitter_site":"@thegoodtimecompany","schema":{"@context":"https:\/\/schema.org","@graph":[{"@type":"WebSite","@id":"https:\/\/www.thegoodtimecompany.com\/fr\/#website","url":"https:\/\/www.thegoodtimecompany.com\/fr\/","name":"The Good Time Company","description":"Corporate Events That Deliver","potentialAction":[{"@type":"SearchAction","target":{"@type":"EntryPoint","urlTemplate":"https:\/\/www.thegoodtimecompany.com\/fr\/?s={search_term_string}"},"query-input":"required name=search_term_string"}],"inLanguage":"fr-FR"},{"@type":"ImageObject","@id":"https:\/\/www.thegoodtimecompany.com\/fr\/nos-activites\/networking\/#primaryimage","inLanguage":"fr-FR","url":"https:\/\/www.thegoodtimecompany.com\/wp-content\/uploads\/2017\/08\/ACTIVITS_HEADER.jpg","contentUrl":"https:\/\/www.thegoodtimecompany.com\/wp-content\/uploads\/2017\/08\/ACTIVITS_HEADER.jpg","width":1170,"height":294,"caption":"11 activit\u00e9s pour vos \u00e9v\u00e8nements d\u2019entreprise, largement personnalisables \u00e0 vos couleurs et souhaits!"},{"@type":"WebPage","@id":"https:\/\/www.thegoodtimecompany.com\/fr\/nos-activites\/networking\/#webpage","url":"https:\/\/www.thegoodtimecompany.com\/fr\/nos-activites\/networking\/","name":"Networking - The Good Time Company","isPartOf":{"@id":"https:\/\/www.thegoodtimecompany.com\/fr\/#website"},"primaryImageOfPage":{"@id":"https:\/\/www.thegoodtimecompany.com\/fr\/nos-activites\/networking\/#primaryimage"},"datePublished":"2017-08-16T06:54:59+00:00","dateModified":"2017-11-13T10:31:03+00:00","breadcrumb":{"@id":"https:\/\/www.thegoodtimecompany.com\/fr\/nos-activites\/networking\/#breadcrumb"},"inLanguage":"fr-FR","potentialAction":[{"@type":"ReadAction","target":["https:\/\/www.thegoodtimecompany.com\/fr\/nos-activites\/networking\/"]}]},{"@type":"BreadcrumbList","@id":"https:\/\/www.thegoodtimecompany.com\/fr\/nos-activites\/networking\/#breadcrumb","itemListElement":[{"@type":"ListItem","position":1,"name":"Home","item":"https:\/\/www.thegoodtimecompany.com\/fr\/"},{"@type":"ListItem","position":2,"name":"Nos activit\u00e9s","item":"https:\/\/www.thegoodtimecompany.com\/fr\/nos-activites\/"},{"@type":"ListItem","position":3,"name":"Networking"}]}]}},"_links":{"self":[{"href":"https:\/\/www.thegoodtimecompany.com\/fr\/wp-json\/wp\/v2\/pages\/89"}],"collection":[{"href":"https:\/\/www.thegoodtimecompany.com\/fr\/wp-json\/wp\/v2\/pages"}],"about":[{"href":"https:\/\/www.thegoodtimecompany.com\/fr\/wp-json\/wp\/v2\/types\/page"}],"author":[{"embeddable":true,"href":"https:\/\/www.thegoodtimecompany.com\/fr\/wp-json\/wp\/v2\/users\/1"}],"replies":[{"embeddable":true,"href":"https:\/\/www.thegoodtimecompany.com\/fr\/wp-json\/wp\/v2\/comments?post=89"}],"version-history":[{"count":5,"href":"https:\/\/www.thegoodtimecompany.com\/fr\/wp-json\/wp\/v2\/pages\/89\/revisions"}],"predecessor-version":[{"id":577,"href":"https:\/\/www.thegoodtimecompany.com\/fr\/wp-json\/wp\/v2\/pages\/89\/revisions\/577"}],"up":[{"embeddable":true,"href":"https:\/\/www.thegoodtimecompany.com\/fr\/wp-json\/wp\/v2\/pages\/73"}],"wp:featuredmedia":[{"embeddable":true,"href":"https:\/\/www.thegoodtimecompany.com\/fr\/wp-json\/wp\/v2\/media\/420"}],"wp:attachment":[{"href":"https:\/\/www.thegoodtimecompany.com\/fr\/wp-json\/wp\/v2\/media?parent=89"}],"curies":[{"name":"wp","href":"https:\/\/api.w.org\/{rel}","templated":true}]}}