{"id":1692,"date":"2025-11-17T12:29:48","date_gmt":"2025-11-17T11:29:48","guid":{"rendered":"http:\/\/www.thegoodtimecompany.com\/?post_type=product&#038;p=1692"},"modified":"2025-11-24T11:36:56","modified_gmt":"2025-11-24T10:36:56","slug":"daily-kick-off","status":"publish","type":"product","link":"https:\/\/www.thegoodtimecompany.com\/fr\/produit\/daily-kick-off\/","title":{"rendered":"THE DAILY KICK-OFF (100% virtuel)"},"content":{"rendered":"<p>&nbsp;<\/p>\n<p>Offrez \u00e0 votre \u00e9quipe une dose de bonne humeur, <b>pour bien d\u00e9marrer la journ\u00e9e<\/b>. Un d\u00e9fi sera envoy\u00e9 sur leur <span class=\"tgtc-red-style\">tablette ou smartphone<\/span> tous les jours (ou tous les lundi matin, la fr\u00e9quence est au choix!) pendant un mois (ou plus ou moins, l\u00e0 aussi la fr\u00e9quence est au choix).<\/p>\n<p><b>Ces d\u00e9fis quotidiens<\/b> dynamiques et cr\u00e9atifs am\u00e8neront les participants \u00e0 prendre des photos et des vid\u00e9os th\u00e9matiques dans le confort et la s\u00e9curit\u00e9 de leur maison. Objectif: <span class=\"tgtc-red-style\">sortir de l&rsquo;isolement<\/span> et <span class=\"tgtc-red-style\">remonter le moral<\/span> pendant les semaines \u00e0 venir.<\/p>\n<p><b>Bonus.<\/b> Toutes les photos et vid\u00e9os sont accessibles en temps r\u00e9el par le responsable de l&rsquo;\u00e9v\u00e9nement (vous ou nous). Vous pouvez les partager \u00e0 votre guise sur votre intranet, ou lors de vos t\u00e9l\u00e9conf\u00e9rences.<\/p>\n","protected":false},"excerpt":{"rendered":"<p>Offrez \u00e0 votre \u00e9quipe une dose de bonne humeur, pour bien d\u00e9marrer la journ\u00e9e<\/p>\n","protected":false},"featured_media":1879,"comment_status":"open","ping_status":"closed","template":"","meta":[],"product_cat":[87,25,20,22,23,46,24],"product_tag":[],"yoast_head":"<!-- This site is optimized with the Yoast SEO plugin v17.6 - https:\/\/yoast.com\/wordpress\/plugins\/seo\/ -->\n<title>Teambuilding \u00e0 distance - The Good Time Company<\/title>\n<meta name=\"description\" content=\"Donnez un coup de boost \u00e0 la motivation de vos \u00e9quipes en les sortant de leur isolement\" \/>\n<meta name=\"robots\" content=\"index, follow, max-snippet:-1, max-image-preview:large, max-video-preview:-1\" \/>\n<link rel=\"canonical\" href=\"https:\/\/www.thegoodtimecompany.com\/fr\/produit\/daily-kick-off\/\" \/>\n<meta property=\"og:locale\" content=\"fr_FR\" \/>\n<meta property=\"og:type\" content=\"article\" \/>\n<meta property=\"og:title\" content=\"THE DAILY KICK-OFF: une animation de teambuilding \u00e0 distance\" \/>\n<meta property=\"og:description\" content=\"Donnez un coup de boost \u00e0 la motivation de vos \u00e9quipes\" \/>\n<meta property=\"og:url\" content=\"https:\/\/www.thegoodtimecompany.com\/fr\/produit\/daily-kick-off\/\" \/>\n<meta property=\"og:site_name\" content=\"The Good Time Company\" \/>\n<meta property=\"article:publisher\" content=\"https:\/\/www.facebook.com\/TheGoodTimeCompany\/\" \/>\n<meta property=\"article:modified_time\" content=\"2025-11-24T10:36:56+00:00\" \/>\n<meta property=\"og:image\" content=\"https:\/\/www.thegoodtimecompany.com\/wp-content\/uploads\/2020\/04\/DKO-woman-in-white-t-shirt-holding-smartphone-in-front-of-laptop-914931-400x400.jpg\" \/>\n\t<meta property=\"og:image:width\" content=\"400\" \/>\n\t<meta property=\"og:image:height\" content=\"400\" \/>\n<meta name=\"twitter:card\" content=\"summary\" \/>\n<meta name=\"twitter:title\" content=\"THE DAILY KICK-OFF: une animation de teambuilding \u00e0 distance\" \/>\n<meta name=\"twitter:description\" content=\"Donnez un coup de boost \u00e0 la motivation de vos \u00e9quipes\" \/>\n<meta name=\"twitter:image\" content=\"https:\/\/www.thegoodtimecompany.com\/wp-content\/uploads\/2020\/04\/DKO-woman-in-white-t-shirt-holding-smartphone-in-front-of-laptop-914931-400x400.jpg\" \/>\n<meta name=\"twitter:site\" content=\"@thegoodtimecompany\" \/>\n<meta name=\"twitter:label1\" content=\"Dur\u00e9e de lecture estim\u00e9e\" \/>\n\t<meta name=\"twitter:data1\" content=\"1 minute\" \/>\n<script type=\"application\/ld+json\" class=\"yoast-schema-graph\">{\"@context\":\"https:\/\/schema.org\",\"@graph\":[{\"@type\":\"WebSite\",\"@id\":\"https:\/\/www.thegoodtimecompany.com\/fr\/#website\",\"url\":\"https:\/\/www.thegoodtimecompany.com\/fr\/\",\"name\":\"The Good Time Company\",\"description\":\"Corporate Events That Deliver\",\"potentialAction\":[{\"@type\":\"SearchAction\",\"target\":{\"@type\":\"EntryPoint\",\"urlTemplate\":\"https:\/\/www.thegoodtimecompany.com\/fr\/?s={search_term_string}\"},\"query-input\":\"required name=search_term_string\"}],\"inLanguage\":\"fr-FR\"},{\"@type\":\"ImageObject\",\"@id\":\"https:\/\/www.thegoodtimecompany.com\/fr\/produit\/daily-kick-off\/#primaryimage\",\"inLanguage\":\"fr-FR\",\"url\":\"https:\/\/www.thegoodtimecompany.com\/wp-content\/uploads\/2020\/04\/DKO-woman-in-white-t-shirt-holding-smartphone-in-front-of-laptop-914931-400x400.jpg\",\"contentUrl\":\"https:\/\/www.thegoodtimecompany.com\/wp-content\/uploads\/2020\/04\/DKO-woman-in-white-t-shirt-holding-smartphone-in-front-of-laptop-914931-400x400.jpg\",\"width\":400,\"height\":400},{\"@type\":\"WebPage\",\"@id\":\"https:\/\/www.thegoodtimecompany.com\/fr\/produit\/daily-kick-off\/#webpage\",\"url\":\"https:\/\/www.thegoodtimecompany.com\/fr\/produit\/daily-kick-off\/\",\"name\":\"Teambuilding \\u00e0 distance - The Good Time Company\",\"isPartOf\":{\"@id\":\"https:\/\/www.thegoodtimecompany.com\/fr\/#website\"},\"primaryImageOfPage\":{\"@id\":\"https:\/\/www.thegoodtimecompany.com\/fr\/produit\/daily-kick-off\/#primaryimage\"},\"datePublished\":\"2025-11-17T11:29:48+00:00\",\"dateModified\":\"2025-11-24T10:36:56+00:00\",\"description\":\"Donnez un coup de boost \\u00e0 la motivation de vos \\u00e9quipes en les sortant de leur isolement\",\"breadcrumb\":{\"@id\":\"https:\/\/www.thegoodtimecompany.com\/fr\/produit\/daily-kick-off\/#breadcrumb\"},\"inLanguage\":\"fr-FR\",\"potentialAction\":[{\"@type\":\"ReadAction\",\"target\":[\"https:\/\/www.thegoodtimecompany.com\/fr\/produit\/daily-kick-off\/\"]}]},{\"@type\":\"BreadcrumbList\",\"@id\":\"https:\/\/www.thegoodtimecompany.com\/fr\/produit\/daily-kick-off\/#breadcrumb\",\"itemListElement\":[{\"@type\":\"ListItem\",\"position\":1,\"name\":\"Home\",\"item\":\"https:\/\/www.thegoodtimecompany.com\/fr\/\"},{\"@type\":\"ListItem\",\"position\":2,\"name\":\"Boutique\",\"item\":\"https:\/\/www.thegoodtimecompany.com\/fr\/boutique-2\/\"},{\"@type\":\"ListItem\",\"position\":3,\"name\":\"THE DAILY KICK-OFF (100% virtuel)\"}]}]}<\/script>\n<!-- \/ Yoast SEO plugin. -->","yoast_head_json":{"title":"Teambuilding \u00e0 distance - The Good Time Company","description":"Donnez un coup de boost \u00e0 la motivation de vos \u00e9quipes en les sortant de leur isolement","robots":{"index":"index","follow":"follow","max-snippet":"max-snippet:-1","max-image-preview":"max-image-preview:large","max-video-preview":"max-video-preview:-1"},"canonical":"https:\/\/www.thegoodtimecompany.com\/fr\/produit\/daily-kick-off\/","og_locale":"fr_FR","og_type":"article","og_title":"THE DAILY KICK-OFF: une animation de teambuilding \u00e0 distance","og_description":"Donnez un coup de boost \u00e0 la motivation de vos \u00e9quipes","og_url":"https:\/\/www.thegoodtimecompany.com\/fr\/produit\/daily-kick-off\/","og_site_name":"The Good Time Company","article_publisher":"https:\/\/www.facebook.com\/TheGoodTimeCompany\/","article_modified_time":"2025-11-24T10:36:56+00:00","og_image":[{"width":400,"height":400,"url":"https:\/\/www.thegoodtimecompany.com\/wp-content\/uploads\/2020\/04\/DKO-woman-in-white-t-shirt-holding-smartphone-in-front-of-laptop-914931-400x400.jpg","type":"image\/jpeg"}],"twitter_card":"summary","twitter_title":"THE DAILY KICK-OFF: une animation de teambuilding \u00e0 distance","twitter_description":"Donnez un coup de boost \u00e0 la motivation de vos \u00e9quipes","twitter_image":"https:\/\/www.thegoodtimecompany.com\/wp-content\/uploads\/2020\/04\/DKO-woman-in-white-t-shirt-holding-smartphone-in-front-of-laptop-914931-400x400.jpg","twitter_site":"@thegoodtimecompany","twitter_misc":{"Dur\u00e9e de lecture estim\u00e9e":"1 minute"},"schema":{"@context":"https:\/\/schema.org","@graph":[{"@type":"WebSite","@id":"https:\/\/www.thegoodtimecompany.com\/fr\/#website","url":"https:\/\/www.thegoodtimecompany.com\/fr\/","name":"The Good Time Company","description":"Corporate Events That Deliver","potentialAction":[{"@type":"SearchAction","target":{"@type":"EntryPoint","urlTemplate":"https:\/\/www.thegoodtimecompany.com\/fr\/?s={search_term_string}"},"query-input":"required name=search_term_string"}],"inLanguage":"fr-FR"},{"@type":"ImageObject","@id":"https:\/\/www.thegoodtimecompany.com\/fr\/produit\/daily-kick-off\/#primaryimage","inLanguage":"fr-FR","url":"https:\/\/www.thegoodtimecompany.com\/wp-content\/uploads\/2020\/04\/DKO-woman-in-white-t-shirt-holding-smartphone-in-front-of-laptop-914931-400x400.jpg","contentUrl":"https:\/\/www.thegoodtimecompany.com\/wp-content\/uploads\/2020\/04\/DKO-woman-in-white-t-shirt-holding-smartphone-in-front-of-laptop-914931-400x400.jpg","width":400,"height":400},{"@type":"WebPage","@id":"https:\/\/www.thegoodtimecompany.com\/fr\/produit\/daily-kick-off\/#webpage","url":"https:\/\/www.thegoodtimecompany.com\/fr\/produit\/daily-kick-off\/","name":"Teambuilding \u00e0 distance - The Good Time Company","isPartOf":{"@id":"https:\/\/www.thegoodtimecompany.com\/fr\/#website"},"primaryImageOfPage":{"@id":"https:\/\/www.thegoodtimecompany.com\/fr\/produit\/daily-kick-off\/#primaryimage"},"datePublished":"2025-11-17T11:29:48+00:00","dateModified":"2025-11-24T10:36:56+00:00","description":"Donnez un coup de boost \u00e0 la motivation de vos \u00e9quipes en les sortant de leur isolement","breadcrumb":{"@id":"https:\/\/www.thegoodtimecompany.com\/fr\/produit\/daily-kick-off\/#breadcrumb"},"inLanguage":"fr-FR","potentialAction":[{"@type":"ReadAction","target":["https:\/\/www.thegoodtimecompany.com\/fr\/produit\/daily-kick-off\/"]}]},{"@type":"BreadcrumbList","@id":"https:\/\/www.thegoodtimecompany.com\/fr\/produit\/daily-kick-off\/#breadcrumb","itemListElement":[{"@type":"ListItem","position":1,"name":"Home","item":"https:\/\/www.thegoodtimecompany.com\/fr\/"},{"@type":"ListItem","position":2,"name":"Boutique","item":"https:\/\/www.thegoodtimecompany.com\/fr\/boutique-2\/"},{"@type":"ListItem","position":3,"name":"THE DAILY KICK-OFF (100% virtuel)"}]}]}},"_links":{"self":[{"href":"https:\/\/www.thegoodtimecompany.com\/fr\/wp-json\/wp\/v2\/product\/1692"}],"collection":[{"href":"https:\/\/www.thegoodtimecompany.com\/fr\/wp-json\/wp\/v2\/product"}],"about":[{"href":"https:\/\/www.thegoodtimecompany.com\/fr\/wp-json\/wp\/v2\/types\/product"}],"replies":[{"embeddable":true,"href":"https:\/\/www.thegoodtimecompany.com\/fr\/wp-json\/wp\/v2\/comments?post=1692"}],"wp:featuredmedia":[{"embeddable":true,"href":"https:\/\/www.thegoodtimecompany.com\/fr\/wp-json\/wp\/v2\/media\/1879"}],"wp:attachment":[{"href":"https:\/\/www.thegoodtimecompany.com\/fr\/wp-json\/wp\/v2\/media?parent=1692"}],"wp:term":[{"taxonomy":"product_cat","embeddable":true,"href":"https:\/\/www.thegoodtimecompany.com\/fr\/wp-json\/wp\/v2\/product_cat?post=1692"},{"taxonomy":"product_tag","embeddable":true,"href":"https:\/\/www.thegoodtimecompany.com\/fr\/wp-json\/wp\/v2\/product_tag?post=1692"}],"curies":[{"name":"wp","href":"https:\/\/api.w.org\/{rel}","templated":true}]}}