{"id":343,"date":"2025-11-17T13:56:08","date_gmt":"2025-11-17T12:56:08","guid":{"rendered":"http:\/\/www.thegoodtimecompany.com\/?post_type=product&#038;p=343"},"modified":"2025-11-24T11:29:14","modified_gmt":"2025-11-24T10:29:14","slug":"city-explorer","status":"publish","type":"product","link":"https:\/\/www.thegoodtimecompany.com\/fr\/produit\/city-explorer\/","title":{"rendered":"CITY EXPLORER"},"content":{"rendered":"<p>&nbsp;<\/p>\n<p><b>Tous \u00e0 vos <\/b>(ou nos) <b>tablettes tactiles!<\/b> <span class=\"tgtc-red-style\">Le City Explorer<\/span> vous fera d\u00e9cou\u00advrir une ville d\u2019une mani\u00e8re peu banale, cr\u00e9ant un<span class=\"tgtc-red-style\"> contexte id\u00e9al \u00e0 la collaboration et \u00e0 la comp\u00e9tition inter-\u00e9quipes. <\/span>Activit\u00e9 id\u00e9ale pour un teambuilding \u00e0 Luxembourg, une incentive \u00e0 Chantilly ou une activit\u00e9 de networking \u00e0 Bruxelles, nous pouvons \u00e9galement l&rsquo;organiser o\u00f9 et comment vous le souhaitez.<\/p>\n<p><b>Comment \u00e7a se passe? <\/b>Les membres d\u2019une \u00e9quipe unissent leurs forces pour relever ensemble des d\u00e9fis ludiques, r\u00e9pondre \u00e0 des questions, prendre des photos et vid\u00e9os, et <span class=\"tgtc-red-style\">collecter un maximum de points dans le temps imparti.<\/span> Les d\u00e9fis s\u2019articulent autour de th\u00e8mes locaux tels que l\u2019histoire, la culture, la gastro\u00adnomie,\u2026 et sont personnalisables pour coller \u00e0 votre contexte d\u2019entreprise.<\/p>\n<p>Les \u00e9quipes <span class=\"tgtc-red-style\">connaissent en temps r\u00e9el<\/span> la position et le score de leurs concurrents, stimulant ainsi la comp\u00e9tition.<\/p>\n<p><b>Bonus.<\/b> Durant la c\u00e9r\u00e9monie de cl\u00f4ture, les photos et vid\u00e9os prises\u00a0par les \u00e9quipes sont <span class=\"tgtc-red-style\">diffus\u00e9es sur grand \u00e9cran<\/span> et les prix sont remis \u00e0 l\u2019\u00e9quipe gagnante.<\/p>\n","protected":false},"excerpt":{"rendered":"<p><b>Tous \u00e0 vos <\/b>(ou nos) <b>tablettes tactiles!<\/b> Le City Explorer vous fera d\u00e9cou\u00advrir une ville d\u2019une mani\u00e8re peu banale, cr\u00e9ant <span class=\"tgtc-red-style\">un contexte id\u00e9al \u00e0 la collaboration et \u00e0 la comp\u00e9tition<\/span> inter-\u00e9quipes.<\/p>\n","protected":false},"featured_media":360,"comment_status":"open","ping_status":"closed","template":"","meta":[],"product_cat":[89,87,88,25,40,42,20,21,22,23,46,24],"product_tag":[],"yoast_head":"<!-- This site is optimized with the Yoast SEO plugin v17.6 - https:\/\/yoast.com\/wordpress\/plugins\/seo\/ -->\n<title>Teambuilding \u00e0 Luxembourg? Le City Explorer - The Good Time Company<\/title>\n<meta name=\"description\" content=\"Pour un super teambuilding \u00e0 Luxembourg, choisissez notre City Explorer. Collaboration et comp\u00e9tition inter-\u00e9quipes seront au menu de ce teambuilding qui transforme les villes en zones de d\u00e9fis ludiques.\" \/>\n<meta name=\"robots\" content=\"index, follow, max-snippet:-1, max-image-preview:large, max-video-preview:-1\" \/>\n<link rel=\"canonical\" href=\"https:\/\/www.thegoodtimecompany.com\/fr\/produit\/city-explorer\/\" \/>\n<meta property=\"og:locale\" content=\"fr_FR\" \/>\n<meta property=\"og:type\" content=\"article\" \/>\n<meta property=\"og:title\" content=\"City Explorer: une animation de teambuilding amusante et efficace\" \/>\n<meta property=\"og:description\" content=\"Transformez les villes en zones de d\u00e9fis ludiques pour booster vos \u00e9quipes\" \/>\n<meta property=\"og:url\" content=\"https:\/\/www.thegoodtimecompany.com\/fr\/produit\/city-explorer\/\" \/>\n<meta property=\"og:site_name\" content=\"The Good Time Company\" \/>\n<meta property=\"article:publisher\" content=\"https:\/\/www.facebook.com\/TheGoodTimeCompany\/\" \/>\n<meta property=\"article:modified_time\" content=\"2025-11-24T10:29:14+00:00\" \/>\n<meta property=\"og:image\" content=\"https:\/\/www.thegoodtimecompany.com\/wp-content\/uploads\/2017\/09\/CITY_HEADER_TEXT-1.jpg\" \/>\n\t<meta property=\"og:image:width\" content=\"1170\" \/>\n\t<meta property=\"og:image:height\" content=\"294\" \/>\n<meta name=\"twitter:card\" content=\"summary\" \/>\n<meta name=\"twitter:title\" content=\"City Explorer: une animation de teambuilding amusante et efficace\" \/>\n<meta name=\"twitter:description\" content=\"Transformez les villes en zones de d\u00e9fis ludiques pour booster vos \u00e9quipes\" \/>\n<meta name=\"twitter:site\" content=\"@thegoodtimecompany\" \/>\n<meta name=\"twitter:label1\" content=\"Dur\u00e9e de lecture estim\u00e9e\" \/>\n\t<meta name=\"twitter:data1\" content=\"1 minute\" \/>\n<script type=\"application\/ld+json\" class=\"yoast-schema-graph\">{\"@context\":\"https:\/\/schema.org\",\"@graph\":[{\"@type\":\"WebSite\",\"@id\":\"https:\/\/www.thegoodtimecompany.com\/fr\/#website\",\"url\":\"https:\/\/www.thegoodtimecompany.com\/fr\/\",\"name\":\"The Good Time Company\",\"description\":\"Corporate Events That Deliver\",\"potentialAction\":[{\"@type\":\"SearchAction\",\"target\":{\"@type\":\"EntryPoint\",\"urlTemplate\":\"https:\/\/www.thegoodtimecompany.com\/fr\/?s={search_term_string}\"},\"query-input\":\"required name=search_term_string\"}],\"inLanguage\":\"fr-FR\"},{\"@type\":\"ImageObject\",\"@id\":\"https:\/\/www.thegoodtimecompany.com\/fr\/produit\/city-explorer\/#primaryimage\",\"inLanguage\":\"fr-FR\",\"url\":\"https:\/\/www.thegoodtimecompany.com\/wp-content\/uploads\/2017\/09\/CITY_HEADER_TEXT-1.jpg\",\"contentUrl\":\"https:\/\/www.thegoodtimecompany.com\/wp-content\/uploads\/2017\/09\/CITY_HEADER_TEXT-1.jpg\",\"width\":1170,\"height\":294,\"caption\":\"Le City Explorer vous fera de\\u0301couvrir une ville d\\u2019une manie\\u0300re peu banale\"},{\"@type\":\"WebPage\",\"@id\":\"https:\/\/www.thegoodtimecompany.com\/fr\/produit\/city-explorer\/#webpage\",\"url\":\"https:\/\/www.thegoodtimecompany.com\/fr\/produit\/city-explorer\/\",\"name\":\"Teambuilding \\u00e0 Luxembourg? Le City Explorer - The Good Time Company\",\"isPartOf\":{\"@id\":\"https:\/\/www.thegoodtimecompany.com\/fr\/#website\"},\"primaryImageOfPage\":{\"@id\":\"https:\/\/www.thegoodtimecompany.com\/fr\/produit\/city-explorer\/#primaryimage\"},\"datePublished\":\"2025-11-17T12:56:08+00:00\",\"dateModified\":\"2025-11-24T10:29:14+00:00\",\"description\":\"Pour un super teambuilding \\u00e0 Luxembourg, choisissez notre City Explorer. Collaboration et comp\\u00e9tition inter-\\u00e9quipes seront au menu de ce teambuilding qui transforme les villes en zones de d\\u00e9fis ludiques.\",\"breadcrumb\":{\"@id\":\"https:\/\/www.thegoodtimecompany.com\/fr\/produit\/city-explorer\/#breadcrumb\"},\"inLanguage\":\"fr-FR\",\"potentialAction\":[{\"@type\":\"ReadAction\",\"target\":[\"https:\/\/www.thegoodtimecompany.com\/fr\/produit\/city-explorer\/\"]}]},{\"@type\":\"BreadcrumbList\",\"@id\":\"https:\/\/www.thegoodtimecompany.com\/fr\/produit\/city-explorer\/#breadcrumb\",\"itemListElement\":[{\"@type\":\"ListItem\",\"position\":1,\"name\":\"Home\",\"item\":\"https:\/\/www.thegoodtimecompany.com\/fr\/\"},{\"@type\":\"ListItem\",\"position\":2,\"name\":\"Boutique\",\"item\":\"https:\/\/www.thegoodtimecompany.com\/fr\/boutique-2\/\"},{\"@type\":\"ListItem\",\"position\":3,\"name\":\"CITY EXPLORER\"}]}]}<\/script>\n<!-- \/ Yoast SEO plugin. -->","yoast_head_json":{"title":"Teambuilding \u00e0 Luxembourg? Le City Explorer - The Good Time Company","description":"Pour un super teambuilding \u00e0 Luxembourg, choisissez notre City Explorer. Collaboration et comp\u00e9tition inter-\u00e9quipes seront au menu de ce teambuilding qui transforme les villes en zones de d\u00e9fis ludiques.","robots":{"index":"index","follow":"follow","max-snippet":"max-snippet:-1","max-image-preview":"max-image-preview:large","max-video-preview":"max-video-preview:-1"},"canonical":"https:\/\/www.thegoodtimecompany.com\/fr\/produit\/city-explorer\/","og_locale":"fr_FR","og_type":"article","og_title":"City Explorer: une animation de teambuilding amusante et efficace","og_description":"Transformez les villes en zones de d\u00e9fis ludiques pour booster vos \u00e9quipes","og_url":"https:\/\/www.thegoodtimecompany.com\/fr\/produit\/city-explorer\/","og_site_name":"The Good Time Company","article_publisher":"https:\/\/www.facebook.com\/TheGoodTimeCompany\/","article_modified_time":"2025-11-24T10:29:14+00:00","og_image":[{"width":1170,"height":294,"url":"https:\/\/www.thegoodtimecompany.com\/wp-content\/uploads\/2017\/09\/CITY_HEADER_TEXT-1.jpg","type":"image\/jpeg"}],"twitter_card":"summary","twitter_title":"City Explorer: une animation de teambuilding amusante et efficace","twitter_description":"Transformez les villes en zones de d\u00e9fis ludiques pour booster vos \u00e9quipes","twitter_site":"@thegoodtimecompany","twitter_misc":{"Dur\u00e9e de lecture estim\u00e9e":"1 minute"},"schema":{"@context":"https:\/\/schema.org","@graph":[{"@type":"WebSite","@id":"https:\/\/www.thegoodtimecompany.com\/fr\/#website","url":"https:\/\/www.thegoodtimecompany.com\/fr\/","name":"The Good Time Company","description":"Corporate Events That Deliver","potentialAction":[{"@type":"SearchAction","target":{"@type":"EntryPoint","urlTemplate":"https:\/\/www.thegoodtimecompany.com\/fr\/?s={search_term_string}"},"query-input":"required name=search_term_string"}],"inLanguage":"fr-FR"},{"@type":"ImageObject","@id":"https:\/\/www.thegoodtimecompany.com\/fr\/produit\/city-explorer\/#primaryimage","inLanguage":"fr-FR","url":"https:\/\/www.thegoodtimecompany.com\/wp-content\/uploads\/2017\/09\/CITY_HEADER_TEXT-1.jpg","contentUrl":"https:\/\/www.thegoodtimecompany.com\/wp-content\/uploads\/2017\/09\/CITY_HEADER_TEXT-1.jpg","width":1170,"height":294,"caption":"Le City Explorer vous fera de\u0301couvrir une ville d\u2019une manie\u0300re peu banale"},{"@type":"WebPage","@id":"https:\/\/www.thegoodtimecompany.com\/fr\/produit\/city-explorer\/#webpage","url":"https:\/\/www.thegoodtimecompany.com\/fr\/produit\/city-explorer\/","name":"Teambuilding \u00e0 Luxembourg? Le City Explorer - The Good Time Company","isPartOf":{"@id":"https:\/\/www.thegoodtimecompany.com\/fr\/#website"},"primaryImageOfPage":{"@id":"https:\/\/www.thegoodtimecompany.com\/fr\/produit\/city-explorer\/#primaryimage"},"datePublished":"2025-11-17T12:56:08+00:00","dateModified":"2025-11-24T10:29:14+00:00","description":"Pour un super teambuilding \u00e0 Luxembourg, choisissez notre City Explorer. Collaboration et comp\u00e9tition inter-\u00e9quipes seront au menu de ce teambuilding qui transforme les villes en zones de d\u00e9fis ludiques.","breadcrumb":{"@id":"https:\/\/www.thegoodtimecompany.com\/fr\/produit\/city-explorer\/#breadcrumb"},"inLanguage":"fr-FR","potentialAction":[{"@type":"ReadAction","target":["https:\/\/www.thegoodtimecompany.com\/fr\/produit\/city-explorer\/"]}]},{"@type":"BreadcrumbList","@id":"https:\/\/www.thegoodtimecompany.com\/fr\/produit\/city-explorer\/#breadcrumb","itemListElement":[{"@type":"ListItem","position":1,"name":"Home","item":"https:\/\/www.thegoodtimecompany.com\/fr\/"},{"@type":"ListItem","position":2,"name":"Boutique","item":"https:\/\/www.thegoodtimecompany.com\/fr\/boutique-2\/"},{"@type":"ListItem","position":3,"name":"CITY EXPLORER"}]}]}},"_links":{"self":[{"href":"https:\/\/www.thegoodtimecompany.com\/fr\/wp-json\/wp\/v2\/product\/343"}],"collection":[{"href":"https:\/\/www.thegoodtimecompany.com\/fr\/wp-json\/wp\/v2\/product"}],"about":[{"href":"https:\/\/www.thegoodtimecompany.com\/fr\/wp-json\/wp\/v2\/types\/product"}],"replies":[{"embeddable":true,"href":"https:\/\/www.thegoodtimecompany.com\/fr\/wp-json\/wp\/v2\/comments?post=343"}],"wp:featuredmedia":[{"embeddable":true,"href":"https:\/\/www.thegoodtimecompany.com\/fr\/wp-json\/wp\/v2\/media\/360"}],"wp:attachment":[{"href":"https:\/\/www.thegoodtimecompany.com\/fr\/wp-json\/wp\/v2\/media?parent=343"}],"wp:term":[{"taxonomy":"product_cat","embeddable":true,"href":"https:\/\/www.thegoodtimecompany.com\/fr\/wp-json\/wp\/v2\/product_cat?post=343"},{"taxonomy":"product_tag","embeddable":true,"href":"https:\/\/www.thegoodtimecompany.com\/fr\/wp-json\/wp\/v2\/product_tag?post=343"}],"curies":[{"name":"wp","href":"https:\/\/api.w.org\/{rel}","templated":true}]}}